{"id":3074,"date":"2023-03-20T16:07:00","date_gmt":"2023-03-20T16:07:00","guid":{"rendered":"https:\/\/drivingclick.com\/es\/?page_id=589"},"modified":"2023-03-20T16:07:00","modified_gmt":"2023-03-20T16:07:00","slug":"cuidado-de-relevo","status":"publish","type":"page","link":"https:\/\/thrive-services.org\/es\/cuidado-de-relevo\/","title":{"rendered":"Cuidado de Relevo"},"content":{"rendered":"\t\t<div data-elementor-type=\"wp-page\" data-elementor-id=\"3074\" class=\"elementor elementor-3074\" data-elementor-post-type=\"page\">\n\t\t\t\t\t\t<section class=\"elementor-section elementor-top-section elementor-element elementor-element-c932347 elementor-section-height-min-height elementor-section-content-middle elementor-section-boxed elementor-section-height-default elementor-section-items-middle\" data-id=\"c932347\" data-element_type=\"section\" data-e-type=\"section\" data-settings=\"{&quot;background_background&quot;:&quot;classic&quot;}\">\n\t\t\t\t\t\t\t<div class=\"elementor-background-overlay\"><\/div>\n\t\t\t\t\t\t\t<div class=\"elementor-container elementor-column-gap-default\">\n\t\t\t\t\t<div class=\"elementor-column elementor-col-100 elementor-top-column elementor-element elementor-element-564a0a8\" data-id=\"564a0a8\" data-element_type=\"column\" data-e-type=\"column\">\n\t\t\t<div class=\"elementor-widget-wrap elementor-element-populated\">\n\t\t\t\t\t\t<div class=\"elementor-element elementor-element-1b82267 elementor-widget elementor-widget-heading\" data-id=\"1b82267\" data-element_type=\"widget\" data-e-type=\"widget\" data-widget_type=\"heading.default\">\n\t\t\t\t<div class=\"elementor-widget-container\">\n\t\t\t\t\t<h1 class=\"elementor-heading-title elementor-size-default\">Cuidado de Relevo<\/h1>\t\t\t\t<\/div>\n\t\t\t\t<\/div>\n\t\t\t\t<div class=\"elementor-element elementor-element-0bc74fa elementor-align-center elementor-widget elementor-widget-breadcrumbs\" data-id=\"0bc74fa\" data-element_type=\"widget\" data-e-type=\"widget\" data-widget_type=\"breadcrumbs.default\">\n\t\t\t\t<div class=\"elementor-widget-container\">\n\t\t\t\t\t<p id=\"breadcrumbs\"><span><span><a href=\"https:\/\/thrive-services.org\/es\/\">Home<\/a><\/span><\/span><\/p>\t\t\t\t<\/div>\n\t\t\t\t<\/div>\n\t\t\t\t\t<\/div>\n\t\t<\/div>\n\t\t\t\t\t<\/div>\n\t\t<\/section>\n\t\t\t\t<section class=\"elementor-section elementor-top-section elementor-element elementor-element-28d2b8b1 elementor-section-boxed elementor-section-height-default elementor-section-height-default\" data-id=\"28d2b8b1\" data-element_type=\"section\" data-e-type=\"section\" id=\"respite-care\">\n\t\t\t\t\t\t<div class=\"elementor-container elementor-column-gap-default\">\n\t\t\t\t\t<div class=\"elementor-column elementor-col-100 elementor-top-column elementor-element elementor-element-214834f6\" data-id=\"214834f6\" data-element_type=\"column\" data-e-type=\"column\">\n\t\t\t<div class=\"elementor-widget-wrap elementor-element-populated\">\n\t\t\t\t\t\t<div class=\"elementor-element elementor-element-101f77b elementor-widget elementor-widget-heading\" data-id=\"101f77b\" data-element_type=\"widget\" data-e-type=\"widget\" data-widget_type=\"heading.default\">\n\t\t\t\t<div class=\"elementor-widget-container\">\n\t\t\t\t\t<h2 class=\"elementor-heading-title elementor-size-default\">Cuidado de Relevo para Adultos Y Ni\u00f1os Discapacitados en Oreg\u00f3n<\/h2>\t\t\t\t<\/div>\n\t\t\t\t<\/div>\n\t\t\t\t<div class=\"elementor-element elementor-element-66b75d82 elementor-widget elementor-widget-text-editor\" data-id=\"66b75d82\" data-element_type=\"widget\" data-e-type=\"widget\" data-widget_type=\"text-editor.default\">\n\t\t\t\t<div class=\"elementor-widget-container\">\n\t\t\t\t\t\t\t\t\t<p>Thrive est\u00e1 comprometido en proporcionar un apoyo integral a trav\u00e9s de nuestros servicios de cuidado de relevo, brind\u00e1ndote intervalos donde el peso de las responsabilidades de cuidado se aligera temporalmente. Esto te permite centrarte en actividades de bienestar personal, participar en pasatiempos que disfrutas, manejar tareas de manera m\u00e1s eficiente cuando se realizan en solitario o simplemente recargarte a trav\u00e9s del descanso.<\/p><p>Aprovechar estos servicios no indica deficiencias como cuidador ni falta de amor hacia la persona bajo tu cuidado. M\u00e1s bien, refleja un compromiso profundo con asegurar la m\u00e1s alta calidad de cuidado para tu ser querido al reconocer la importancia del autocuidado. Thrive est\u00e1 dedicado a ayudarte a mantener la estabilidad en esta esencial relaci\u00f3n cuidador-paciente.<\/p><p>Durante el cuidado de relevo, nuestro equipo de cuidadores en el hogar est\u00e1 listo para proporcionar asistencia personalizada basada en las preferencias del cuidador principal durante su ausencia temporal.<\/p>\t\t\t\t\t\t\t\t<\/div>\n\t\t\t\t<\/div>\n\t\t\t\t\t<\/div>\n\t\t<\/div>\n\t\t\t\t\t<\/div>\n\t\t<\/section>\n\t\t\t\t<section class=\"elementor-section elementor-top-section elementor-element elementor-element-ae469bb elementor-section-content-middle elementor-section-boxed elementor-section-height-default elementor-section-height-default\" data-id=\"ae469bb\" data-element_type=\"section\" data-e-type=\"section\" data-settings=\"{&quot;background_background&quot;:&quot;classic&quot;}\">\n\t\t\t\t\t\t<div class=\"elementor-container elementor-column-gap-default\">\n\t\t\t\t\t<div class=\"elementor-column elementor-col-50 elementor-top-column elementor-element elementor-element-f379a9f\" data-id=\"f379a9f\" data-element_type=\"column\" data-e-type=\"column\" data-settings=\"{&quot;background_background&quot;:&quot;classic&quot;}\">\n\t\t\t<div class=\"elementor-widget-wrap elementor-element-populated\">\n\t\t\t\t\t\t<div class=\"elementor-element elementor-element-92c588d elementor-widget elementor-widget-image\" data-id=\"92c588d\" data-element_type=\"widget\" data-e-type=\"widget\" data-widget_type=\"image.default\">\n\t\t\t\t<div class=\"elementor-widget-container\">\n\t\t\t\t\t\t\t\t\t\t\t\t\t\t\t<img fetchpriority=\"high\" decoding=\"async\" width=\"350\" height=\"350\" src=\"https:\/\/thrive-services.org\/es\/wp-content\/uploads\/sites\/3\/2023\/03\/pexels-rodnae-productions-74028352.png\" class=\"attachment-large size-large wp-image-256\" alt=\"\" srcset=\"https:\/\/thrive-services.org\/es\/wp-content\/uploads\/sites\/3\/2023\/03\/pexels-rodnae-productions-74028352.png 350w, https:\/\/thrive-services.org\/es\/wp-content\/uploads\/sites\/3\/2023\/03\/pexels-rodnae-productions-74028352-300x300.png 300w, https:\/\/thrive-services.org\/es\/wp-content\/uploads\/sites\/3\/2023\/03\/pexels-rodnae-productions-74028352-150x150.png 150w\" sizes=\"(max-width: 350px) 100vw, 350px\" \/>\t\t\t\t\t\t\t\t\t\t\t\t\t\t\t<\/div>\n\t\t\t\t<\/div>\n\t\t\t\t\t<\/div>\n\t\t<\/div>\n\t\t\t\t<div class=\"elementor-column elementor-col-50 elementor-top-column elementor-element elementor-element-0137f4d\" data-id=\"0137f4d\" data-element_type=\"column\" data-e-type=\"column\">\n\t\t\t<div class=\"elementor-widget-wrap elementor-element-populated\">\n\t\t\t\t\t\t<div class=\"elementor-element elementor-element-b935129 elementor-widget elementor-widget-text-editor\" data-id=\"b935129\" data-element_type=\"widget\" data-e-type=\"widget\" data-widget_type=\"text-editor.default\">\n\t\t\t\t<div class=\"elementor-widget-container\">\n\t\t\t\t\t\t\t\t\t<p>Thrive est\u00e1 aqu\u00ed para ayudarle con servicios de relevo que le ofrecen per\u00edodos en los que no tiene que pensar en sus responsabilidades como cuidador, sino que puede dedicar tiempo a las actividades que le gustan, ocuparse de otras tareas que para usted son m\u00e1s f\u00e1ciles de realizar solo que con su ser querido, o simplemente descansar.<\/p><p>\u00a1Aprovechar estos servicios no significa que usted sea un mal cuidador o que no ame a la persona que cuida! De hecho, significa justamente lo contrario. Significa que se preocupa lo suficiente por la calidad de los cuidados de su ser querido que se cuida a usted mismo para poder seguir prestando la asistencia necesaria. Thrive est\u00e1 aqu\u00ed para ayudarle a mantener esa relaci\u00f3n<br \/>estable.<\/p><p>Durante el cuidado de relevo, nuestros cuidadores en casa pueden proporcionar cualquier ayuda que el cuidador principal encuentre m\u00e1s \u00fatil en su ausencia.\u00a0<\/p>\t\t\t\t\t\t\t\t<\/div>\n\t\t\t\t<\/div>\n\t\t\t\t\t<\/div>\n\t\t<\/div>\n\t\t\t\t\t<\/div>\n\t\t<\/section>\n\t\t\t\t<section class=\"elementor-section elementor-top-section elementor-element elementor-element-b8cbe1f elementor-section-content-middle elementor-section-boxed elementor-section-height-default elementor-section-height-default\" data-id=\"b8cbe1f\" data-element_type=\"section\" data-e-type=\"section\" data-settings=\"{&quot;background_background&quot;:&quot;classic&quot;}\">\n\t\t\t\t\t\t<div class=\"elementor-container elementor-column-gap-default\">\n\t\t\t\t\t<div class=\"elementor-column elementor-col-50 elementor-top-column elementor-element elementor-element-90b007e\" data-id=\"90b007e\" data-element_type=\"column\" data-e-type=\"column\">\n\t\t\t<div class=\"elementor-widget-wrap elementor-element-populated\">\n\t\t\t\t\t\t<div class=\"elementor-element elementor-element-ca69bbc elementor-widget elementor-widget-heading\" data-id=\"ca69bbc\" data-element_type=\"widget\" data-e-type=\"widget\" data-widget_type=\"heading.default\">\n\t\t\t\t<div class=\"elementor-widget-container\">\n\t\t\t\t\t<h2 class=\"elementor-heading-title elementor-size-default\">\u00a1Ponte en contacto con Thrive!<\/h2>\t\t\t\t<\/div>\n\t\t\t\t<\/div>\n\t\t\t\t<div class=\"elementor-element elementor-element-5449821 elementor-widget elementor-widget-text-editor\" data-id=\"5449821\" data-element_type=\"widget\" data-e-type=\"widget\" data-widget_type=\"text-editor.default\">\n\t\t\t\t<div class=\"elementor-widget-container\">\n\t\t\t\t\t\t\t\t\t<p>Nuestros servicios cubren cualquier combinaci\u00f3n de las \u00e1reas antes mencionadas, seg\u00fan la necesidad y el tipo de discapacidad.<\/p>\t\t\t\t\t\t\t\t<\/div>\n\t\t\t\t<\/div>\n\t\t\t\t\t<\/div>\n\t\t<\/div>\n\t\t\t\t<div class=\"elementor-column elementor-col-50 elementor-top-column elementor-element elementor-element-0650ab3\" data-id=\"0650ab3\" data-element_type=\"column\" data-e-type=\"column\">\n\t\t\t<div class=\"elementor-widget-wrap elementor-element-populated\">\n\t\t\t\t\t\t<div class=\"elementor-element elementor-element-a8c053f elementor-align-justify elementor-widget elementor-widget-button\" data-id=\"a8c053f\" data-element_type=\"widget\" data-e-type=\"widget\" data-widget_type=\"button.default\">\n\t\t\t\t<div class=\"elementor-widget-container\">\n\t\t\t\t\t\t\t\t\t<div class=\"elementor-button-wrapper\">\n\t\t\t\t\t<a class=\"elementor-button elementor-button-link elementor-size-sm\" href=\"https:\/\/thrive-services.org\/es\/formulario-de-clientes\/\">\n\t\t\t\t\t\t<span class=\"elementor-button-content-wrapper\">\n\t\t\t\t\t\t\t\t\t<span class=\"elementor-button-text\">\u00bfBuscas ayuda?<\/span>\n\t\t\t\t\t<\/span>\n\t\t\t\t\t<\/a>\n\t\t\t\t<\/div>\n\t\t\t\t\t\t\t\t<\/div>\n\t\t\t\t<\/div>\n\t\t\t\t\t<\/div>\n\t\t<\/div>\n\t\t\t\t\t<\/div>\n\t\t<\/section>\n\t\t\t\t<section class=\"elementor-section elementor-top-section elementor-element elementor-element-d2865c3 elementor-section-boxed elementor-section-height-default elementor-section-height-default\" data-id=\"d2865c3\" data-element_type=\"section\" data-e-type=\"section\">\n\t\t\t\t\t\t<div class=\"elementor-container elementor-column-gap-default\">\n\t\t\t\t\t<div class=\"elementor-column elementor-col-100 elementor-top-column elementor-element elementor-element-c15098b\" data-id=\"c15098b\" data-element_type=\"column\" data-e-type=\"column\">\n\t\t\t<div class=\"elementor-widget-wrap elementor-element-populated\">\n\t\t\t\t\t\t<div class=\"elementor-element elementor-element-141d2bd elementor-widget elementor-widget-text-editor\" data-id=\"141d2bd\" data-element_type=\"widget\" data-e-type=\"widget\" data-widget_type=\"text-editor.default\">\n\t\t\t\t<div class=\"elementor-widget-container\">\n\t\t\t\t\t\t\t\t\t<p>Esto puede incluir cualquiera de los servicios mencionados en nuestra p\u00e1gina de Servicios de Cuidados en Casa, incluyendo:<\/p><p>Ayuda con las actividades de la vida diaria, como la higiene personal o el manejo de la medicaci\u00f3n.<\/p><ul><li>Proporcionar otra v\u00eda de interacci\u00f3n social fuera de la relaci\u00f3n cuidador\/recibidor de cuidado.<\/li><li>Proporcionar conexiones comunitarias adicionales fuera del hogar para desarrollar m\u00e1s habilidades vitales y sociales.<\/li><li>Desarrollar m\u00e1s las habilidades sociales ayudando a identificar las se\u00f1ales sociales y las reacciones adecuadas.<\/li><li>Transporte comunitario.<\/li><\/ul><p>Thrive se dedica a brindar la asistencia que tiene el mayor valor para ti, atendiendo a individuos de todas las edades, desde ni\u00f1os hasta personas mayores, con una profesionalidad y compasi\u00f3n inquebrantables. Nuestra aut\u00e9ntica pasi\u00f3n por lo que hacemos se iguala solo por nuestro sincero agradecimiento hacia aquellos que han dedicado sus vidas al noble papel de cuidadores. Como profesionales experimentados, nuestro objetivo principal es fortalecer tus esfuerzos y garantizar la continua positividad de tu relaci\u00f3n como cuidador.<\/p><p><span style=\"font-size: 16px;\">Comienza el camino de los servicios de cuidado de relevo con nosotros hoy, contact\u00e1ndonos al <\/span><a style=\"font-size: 16px; background-color: #181a1b;\" href=\"tel:\/\/5417090640\" data-darkreader-inline-bgcolor=\"\"><b>(541) 709-0640<\/b><\/a><span style=\"font-size: 16px;\"> o cont\u00e1ctenos por <\/span><b style=\"font-style: inherit;\"><a href=\"https:\/\/thrive-services.org\/es\/formulario-de-clientes\/\">esta v\u00eda<\/a><\/b><span style=\"font-size: 16px;\">. \u00a1Es hora de tomar un momento para respirar y recargarte!<\/span><\/p>\t\t\t\t\t\t\t\t<\/div>\n\t\t\t\t<\/div>\n\t\t\t\t\t<\/div>\n\t\t<\/div>\n\t\t\t\t\t<\/div>\n\t\t<\/section>\n\t\t\t\t<\/div>\n\t\t","protected":false},"excerpt":{"rendered":"<p>Cuidado de Relevo Cuidado de Relevo para Adultos Y Ni\u00f1os Discapacitados en Oreg\u00f3n Thrive est\u00e1 comprometido en proporcionar un apoyo integral a trav\u00e9s de nuestros servicios de cuidado de relevo, brind\u00e1ndote intervalos donde el peso de las responsabilidades de cuidado se aligera temporalmente. Esto te permite centrarte en actividades de bienestar personal, participar en pasatiempos [&hellip;]<\/p>\n","protected":false},"author":3,"featured_media":0,"parent":0,"menu_order":0,"comment_status":"closed","ping_status":"closed","template":"","meta":{"site-sidebar-layout":"no-sidebar","site-content-layout":"page-builder","ast-site-content-layout":"default","site-content-style":"default","site-sidebar-style":"default","ast-global-header-display":"","ast-banner-title-visibility":"","ast-main-header-display":"","ast-hfb-above-header-display":"","ast-hfb-below-header-display":"","ast-hfb-mobile-header-display":"","site-post-title":"disabled","ast-breadcrumbs-content":"","ast-featured-img":"disabled","footer-sml-layout":"","ast-disable-related-posts":"","theme-transparent-header-meta":"default","adv-header-id-meta":"","stick-header-meta":"","header-above-stick-meta":"","header-main-stick-meta":"","header-below-stick-meta":"","astra-migrate-meta-layouts":"default","ast-page-background-enabled":"default","ast-page-background-meta":{"desktop":{"background-color":"var(--ast-global-color-4)","background-image":"","background-repeat":"repeat","background-position":"center center","background-size":"auto","background-attachment":"scroll","background-type":"","background-media":"","overlay-type":"","overlay-color":"","overlay-opacity":"","overlay-gradient":""},"tablet":{"background-color":"","background-image":"","background-repeat":"repeat","background-position":"center center","background-size":"auto","background-attachment":"scroll","background-type":"","background-media":"","overlay-type":"","overlay-color":"","overlay-opacity":"","overlay-gradient":""},"mobile":{"background-color":"","background-image":"","background-repeat":"repeat","background-position":"center center","background-size":"auto","background-attachment":"scroll","background-type":"","background-media":"","overlay-type":"","overlay-color":"","overlay-opacity":"","overlay-gradient":""}},"ast-content-background-meta":{"desktop":{"background-color":"var(--ast-global-color-5)","background-image":"","background-repeat":"repeat","background-position":"center center","background-size":"auto","background-attachment":"scroll","background-type":"","background-media":"","overlay-type":"","overlay-color":"","overlay-opacity":"","overlay-gradient":""},"tablet":{"background-color":"var(--ast-global-color-5)","background-image":"","background-repeat":"repeat","background-position":"center center","background-size":"auto","background-attachment":"scroll","background-type":"","background-media":"","overlay-type":"","overlay-color":"","overlay-opacity":"","overlay-gradient":""},"mobile":{"background-color":"var(--ast-global-color-5)","background-image":"","background-repeat":"repeat","background-position":"center center","background-size":"auto","background-attachment":"scroll","background-type":"","background-media":"","overlay-type":"","overlay-color":"","overlay-opacity":"","overlay-gradient":""}},"_glsr_average":0,"_glsr_ranking":0,"_glsr_reviews":0,"footnotes":""},"class_list":["post-3074","page","type-page","status-publish","hentry"],"yoast_head":"<!-- This site is optimized with the Yoast SEO plugin v27.0 - https:\/\/yoast.com\/product\/yoast-seo-wordpress\/ -->\n<title>Cuidado de Relevo - Thrive Services<\/title>\n<meta name=\"robots\" content=\"index, follow, max-snippet:-1, max-image-preview:large, max-video-preview:-1\" \/>\n<link rel=\"canonical\" href=\"https:\/\/thrive-services.org\/es\/cuidado-de-relevo\/\" \/>\n<meta property=\"og:locale\" content=\"en_US\" \/>\n<meta property=\"og:type\" content=\"article\" \/>\n<meta property=\"og:title\" content=\"Cuidado de Relevo - Thrive Services\" \/>\n<meta property=\"og:description\" content=\"Cuidado de Relevo Cuidado de Relevo para Adultos Y Ni\u00f1os Discapacitados en Oreg\u00f3n Thrive est\u00e1 comprometido en proporcionar un apoyo integral a trav\u00e9s de nuestros servicios de cuidado de relevo, brind\u00e1ndote intervalos donde el peso de las responsabilidades de cuidado se aligera temporalmente. Esto te permite centrarte en actividades de bienestar personal, participar en pasatiempos [&hellip;]\" \/>\n<meta property=\"og:url\" content=\"https:\/\/thrive-services.org\/es\/cuidado-de-relevo\/\" \/>\n<meta property=\"og:site_name\" content=\"Thrive Services\" \/>\n<meta property=\"og:image\" content=\"https:\/\/thrive-services.org\/es\/wp-content\/uploads\/2023\/03\/pexels-rodnae-productions-74028352.png\" \/>\n<meta name=\"twitter:card\" content=\"summary_large_image\" \/>\n<meta name=\"twitter:label1\" content=\"Est. reading time\" \/>\n\t<meta name=\"twitter:data1\" content=\"3 minutes\" \/>\n<script type=\"application\/ld+json\" class=\"yoast-schema-graph\">{\"@context\":\"https:\/\/schema.org\",\"@graph\":[{\"@type\":\"WebPage\",\"@id\":\"https:\/\/thrive-services.org\/es\/cuidado-de-relevo\/\",\"url\":\"https:\/\/thrive-services.org\/es\/cuidado-de-relevo\/\",\"name\":\"Cuidado de Relevo - Thrive Services\",\"isPartOf\":{\"@id\":\"https:\/\/thrive-services.org\/es\/#website\"},\"primaryImageOfPage\":{\"@id\":\"https:\/\/thrive-services.org\/es\/cuidado-de-relevo\/#primaryimage\"},\"image\":{\"@id\":\"https:\/\/thrive-services.org\/es\/cuidado-de-relevo\/#primaryimage\"},\"thumbnailUrl\":\"https:\/\/thrive-services.org\/es\/wp-content\/uploads\/2023\/03\/pexels-rodnae-productions-74028352.png\",\"datePublished\":\"2023-03-20T16:07:00+00:00\",\"breadcrumb\":{\"@id\":\"https:\/\/thrive-services.org\/es\/cuidado-de-relevo\/#breadcrumb\"},\"inLanguage\":\"en-US\",\"potentialAction\":[{\"@type\":\"ReadAction\",\"target\":[\"https:\/\/thrive-services.org\/es\/cuidado-de-relevo\/\"]}]},{\"@type\":\"ImageObject\",\"inLanguage\":\"en-US\",\"@id\":\"https:\/\/thrive-services.org\/es\/cuidado-de-relevo\/#primaryimage\",\"url\":\"https:\/\/thrive-services.org\/es\/wp-content\/uploads\/2023\/03\/pexels-rodnae-productions-74028352.png\",\"contentUrl\":\"https:\/\/thrive-services.org\/es\/wp-content\/uploads\/2023\/03\/pexels-rodnae-productions-74028352.png\"},{\"@type\":\"BreadcrumbList\",\"@id\":\"https:\/\/thrive-services.org\/es\/cuidado-de-relevo\/#breadcrumb\",\"itemListElement\":[{\"@type\":\"ListItem\",\"position\":1,\"name\":\"Home\",\"item\":\"https:\/\/thrive-services.org\/es\/\"},{\"@type\":\"ListItem\",\"position\":2,\"name\":\"Cuidado de Relevo\"}]},{\"@type\":\"WebSite\",\"@id\":\"https:\/\/thrive-services.org\/es\/#website\",\"url\":\"https:\/\/thrive-services.org\/es\/\",\"name\":\"Thrive Services\",\"description\":\"Thrive Services is an organization of experienced Direct Support Professionals (DSPs) who provide a broad range of services for adults and children with intellectual and developmental disabilities.\",\"publisher\":{\"@id\":\"https:\/\/thrive-services.org\/es\/#organization\"},\"potentialAction\":[{\"@type\":\"SearchAction\",\"target\":{\"@type\":\"EntryPoint\",\"urlTemplate\":\"https:\/\/thrive-services.org\/es\/?s={search_term_string}\"},\"query-input\":{\"@type\":\"PropertyValueSpecification\",\"valueRequired\":true,\"valueName\":\"search_term_string\"}}],\"inLanguage\":\"en-US\"},{\"@type\":\"Organization\",\"@id\":\"https:\/\/thrive-services.org\/es\/#organization\",\"name\":\"Thrive Services\",\"url\":\"https:\/\/thrive-services.org\/es\/\",\"logo\":{\"@type\":\"ImageObject\",\"inLanguage\":\"en-US\",\"@id\":\"https:\/\/thrive-services.org\/es\/#\/schema\/logo\/image\/\",\"url\":\"https:\/\/thrive-services.org\/es\/wp-content\/uploads\/sites\/3\/2023\/04\/Thrive-favicon.png\",\"contentUrl\":\"https:\/\/thrive-services.org\/es\/wp-content\/uploads\/sites\/3\/2023\/04\/Thrive-favicon.png\",\"width\":100,\"height\":100,\"caption\":\"Thrive Services\"},\"image\":{\"@id\":\"https:\/\/thrive-services.org\/es\/#\/schema\/logo\/image\/\"}}]}<\/script>\n<!-- \/ Yoast SEO plugin. -->","yoast_head_json":{"title":"Cuidado de Relevo - Thrive Services","robots":{"index":"index","follow":"follow","max-snippet":"max-snippet:-1","max-image-preview":"max-image-preview:large","max-video-preview":"max-video-preview:-1"},"canonical":"https:\/\/thrive-services.org\/es\/cuidado-de-relevo\/","og_locale":"en_US","og_type":"article","og_title":"Cuidado de Relevo - Thrive Services","og_description":"Cuidado de Relevo Cuidado de Relevo para Adultos Y Ni\u00f1os Discapacitados en Oreg\u00f3n Thrive est\u00e1 comprometido en proporcionar un apoyo integral a trav\u00e9s de nuestros servicios de cuidado de relevo, brind\u00e1ndote intervalos donde el peso de las responsabilidades de cuidado se aligera temporalmente. Esto te permite centrarte en actividades de bienestar personal, participar en pasatiempos [&hellip;]","og_url":"https:\/\/thrive-services.org\/es\/cuidado-de-relevo\/","og_site_name":"Thrive Services","og_image":[{"url":"https:\/\/thrive-services.org\/es\/wp-content\/uploads\/2023\/03\/pexels-rodnae-productions-74028352.png","type":"","width":"","height":""}],"twitter_card":"summary_large_image","twitter_misc":{"Est. reading time":"3 minutes"},"schema":{"@context":"https:\/\/schema.org","@graph":[{"@type":"WebPage","@id":"https:\/\/thrive-services.org\/es\/cuidado-de-relevo\/","url":"https:\/\/thrive-services.org\/es\/cuidado-de-relevo\/","name":"Cuidado de Relevo - Thrive Services","isPartOf":{"@id":"https:\/\/thrive-services.org\/es\/#website"},"primaryImageOfPage":{"@id":"https:\/\/thrive-services.org\/es\/cuidado-de-relevo\/#primaryimage"},"image":{"@id":"https:\/\/thrive-services.org\/es\/cuidado-de-relevo\/#primaryimage"},"thumbnailUrl":"https:\/\/thrive-services.org\/es\/wp-content\/uploads\/2023\/03\/pexels-rodnae-productions-74028352.png","datePublished":"2023-03-20T16:07:00+00:00","breadcrumb":{"@id":"https:\/\/thrive-services.org\/es\/cuidado-de-relevo\/#breadcrumb"},"inLanguage":"en-US","potentialAction":[{"@type":"ReadAction","target":["https:\/\/thrive-services.org\/es\/cuidado-de-relevo\/"]}]},{"@type":"ImageObject","inLanguage":"en-US","@id":"https:\/\/thrive-services.org\/es\/cuidado-de-relevo\/#primaryimage","url":"https:\/\/thrive-services.org\/es\/wp-content\/uploads\/2023\/03\/pexels-rodnae-productions-74028352.png","contentUrl":"https:\/\/thrive-services.org\/es\/wp-content\/uploads\/2023\/03\/pexels-rodnae-productions-74028352.png"},{"@type":"BreadcrumbList","@id":"https:\/\/thrive-services.org\/es\/cuidado-de-relevo\/#breadcrumb","itemListElement":[{"@type":"ListItem","position":1,"name":"Home","item":"https:\/\/thrive-services.org\/es\/"},{"@type":"ListItem","position":2,"name":"Cuidado de Relevo"}]},{"@type":"WebSite","@id":"https:\/\/thrive-services.org\/es\/#website","url":"https:\/\/thrive-services.org\/es\/","name":"Thrive Services","description":"Thrive Services is an organization of experienced Direct Support Professionals (DSPs) who provide a broad range of services for adults and children with intellectual and developmental disabilities.","publisher":{"@id":"https:\/\/thrive-services.org\/es\/#organization"},"potentialAction":[{"@type":"SearchAction","target":{"@type":"EntryPoint","urlTemplate":"https:\/\/thrive-services.org\/es\/?s={search_term_string}"},"query-input":{"@type":"PropertyValueSpecification","valueRequired":true,"valueName":"search_term_string"}}],"inLanguage":"en-US"},{"@type":"Organization","@id":"https:\/\/thrive-services.org\/es\/#organization","name":"Thrive Services","url":"https:\/\/thrive-services.org\/es\/","logo":{"@type":"ImageObject","inLanguage":"en-US","@id":"https:\/\/thrive-services.org\/es\/#\/schema\/logo\/image\/","url":"https:\/\/thrive-services.org\/es\/wp-content\/uploads\/sites\/3\/2023\/04\/Thrive-favicon.png","contentUrl":"https:\/\/thrive-services.org\/es\/wp-content\/uploads\/sites\/3\/2023\/04\/Thrive-favicon.png","width":100,"height":100,"caption":"Thrive Services"},"image":{"@id":"https:\/\/thrive-services.org\/es\/#\/schema\/logo\/image\/"}}]}},"_links":{"self":[{"href":"https:\/\/thrive-services.org\/es\/wp-json\/wp\/v2\/pages\/3074","targetHints":{"allow":["GET"]}}],"collection":[{"href":"https:\/\/thrive-services.org\/es\/wp-json\/wp\/v2\/pages"}],"about":[{"href":"https:\/\/thrive-services.org\/es\/wp-json\/wp\/v2\/types\/page"}],"author":[{"embeddable":true,"href":"https:\/\/thrive-services.org\/es\/wp-json\/wp\/v2\/users\/3"}],"replies":[{"embeddable":true,"href":"https:\/\/thrive-services.org\/es\/wp-json\/wp\/v2\/comments?post=3074"}],"version-history":[{"count":0,"href":"https:\/\/thrive-services.org\/es\/wp-json\/wp\/v2\/pages\/3074\/revisions"}],"wp:attachment":[{"href":"https:\/\/thrive-services.org\/es\/wp-json\/wp\/v2\/media?parent=3074"}],"curies":[{"name":"wp","href":"https:\/\/api.w.org\/{rel}","templated":true}]}}