{"id":3073,"date":"2023-03-20T16:06:46","date_gmt":"2023-03-20T16:06:46","guid":{"rendered":"https:\/\/drivingclick.com\/es\/?page_id=587"},"modified":"2023-03-20T16:06:46","modified_gmt":"2023-03-20T16:06:46","slug":"cuidado-en-casa","status":"publish","type":"page","link":"https:\/\/thrive-services.org\/es\/cuidado-en-casa\/","title":{"rendered":"Cuidado en Casa"},"content":{"rendered":"\t\t<div data-elementor-type=\"wp-page\" data-elementor-id=\"3073\" class=\"elementor elementor-3073\" data-elementor-post-type=\"page\">\n\t\t\t\t\t\t<section class=\"elementor-section elementor-top-section elementor-element elementor-element-06d8679 elementor-section-height-min-height elementor-section-content-middle elementor-section-boxed elementor-section-height-default elementor-section-items-middle\" data-id=\"06d8679\" data-element_type=\"section\" data-e-type=\"section\" data-settings=\"{&quot;background_background&quot;:&quot;classic&quot;}\">\n\t\t\t\t\t\t\t<div class=\"elementor-background-overlay\"><\/div>\n\t\t\t\t\t\t\t<div class=\"elementor-container elementor-column-gap-default\">\n\t\t\t\t\t<div class=\"elementor-column elementor-col-100 elementor-top-column elementor-element elementor-element-13d8a69\" data-id=\"13d8a69\" data-element_type=\"column\" data-e-type=\"column\">\n\t\t\t<div class=\"elementor-widget-wrap elementor-element-populated\">\n\t\t\t\t\t\t<div class=\"elementor-element elementor-element-d56663b elementor-widget elementor-widget-heading\" data-id=\"d56663b\" data-element_type=\"widget\" data-e-type=\"widget\" data-widget_type=\"heading.default\">\n\t\t\t\t<div class=\"elementor-widget-container\">\n\t\t\t\t\t<h1 class=\"elementor-heading-title elementor-size-default\">Cuidado en Casa<\/h1>\t\t\t\t<\/div>\n\t\t\t\t<\/div>\n\t\t\t\t<div class=\"elementor-element elementor-element-b55a0c5 elementor-align-center elementor-widget elementor-widget-breadcrumbs\" data-id=\"b55a0c5\" data-element_type=\"widget\" data-e-type=\"widget\" data-widget_type=\"breadcrumbs.default\">\n\t\t\t\t<div class=\"elementor-widget-container\">\n\t\t\t\t\t<p id=\"breadcrumbs\"><span><span><a href=\"https:\/\/thrive-services.org\/es\/\">Home<\/a><\/span><\/span><\/p>\t\t\t\t<\/div>\n\t\t\t\t<\/div>\n\t\t\t\t\t<\/div>\n\t\t<\/div>\n\t\t\t\t\t<\/div>\n\t\t<\/section>\n\t\t\t\t<section class=\"elementor-section elementor-top-section elementor-element elementor-element-67f85c58 elementor-section-boxed elementor-section-height-default elementor-section-height-default\" data-id=\"67f85c58\" data-element_type=\"section\" data-e-type=\"section\">\n\t\t\t\t\t\t<div class=\"elementor-container elementor-column-gap-default\">\n\t\t\t\t\t<div class=\"elementor-column elementor-col-100 elementor-top-column elementor-element elementor-element-339fc71e\" data-id=\"339fc71e\" data-element_type=\"column\" data-e-type=\"column\">\n\t\t\t<div class=\"elementor-widget-wrap elementor-element-populated\">\n\t\t\t\t\t\t<div class=\"elementor-element elementor-element-2aed6a4 elementor-widget elementor-widget-text-editor\" data-id=\"2aed6a4\" data-element_type=\"widget\" data-e-type=\"widget\" data-widget_type=\"text-editor.default\">\n\t\t\t\t<div class=\"elementor-widget-container\">\n\t\t\t\t\t\t\t\t\t<p>La especialidad de Thrive es el <b>cuidado en casa<\/b>; esto implica que un cuidador de discapacitados se traslade al domicilio del cliente y utilice eso como una especie de &#8220;sede de operaciones&#8221;; para las dem\u00e1s actividades que pueda necesitar. Por ejemplo, el cuidado en casa puede incluir ayuda con las actividades de la vida diaria, tales como:<\/p>\t\t\t\t\t\t\t\t<\/div>\n\t\t\t\t<\/div>\n\t\t\t\t<div class=\"elementor-element elementor-element-13a6c68 elementor-widget-divider--view-line_text elementor-widget-divider--element-align-center elementor-widget elementor-widget-divider\" data-id=\"13a6c68\" data-element_type=\"widget\" data-e-type=\"widget\" data-widget_type=\"divider.default\">\n\t\t\t\t<div class=\"elementor-widget-container\">\n\t\t\t\t\t\t\t<div class=\"elementor-divider\">\n\t\t\t<span class=\"elementor-divider-separator\">\n\t\t\t\t\t\t\t<h2 class=\"elementor-divider__text elementor-divider__element\">\n\t\t\t\tAyuda con tareas diarias como: \t\t\t\t<\/h2>\n\t\t\t\t\t\t<\/span>\n\t\t<\/div>\n\t\t\t\t\t\t<\/div>\n\t\t\t\t<\/div>\n\t\t\t\t\t<\/div>\n\t\t<\/div>\n\t\t\t\t\t<\/div>\n\t\t<\/section>\n\t\t\t\t<section class=\"elementor-section elementor-top-section elementor-element elementor-element-7649dfa elementor-section-content-middle elementor-section-boxed elementor-section-height-default elementor-section-height-default\" data-id=\"7649dfa\" data-element_type=\"section\" data-e-type=\"section\">\n\t\t\t\t\t\t<div class=\"elementor-container elementor-column-gap-default\">\n\t\t\t\t\t<div class=\"elementor-column elementor-col-50 elementor-top-column elementor-element elementor-element-27da1e1\" data-id=\"27da1e1\" data-element_type=\"column\" data-e-type=\"column\">\n\t\t\t<div class=\"elementor-widget-wrap elementor-element-populated\">\n\t\t\t\t\t\t<div class=\"elementor-element elementor-element-38c8aa9 elementor-widget elementor-widget-text-editor\" data-id=\"38c8aa9\" data-element_type=\"widget\" data-e-type=\"widget\" data-widget_type=\"text-editor.default\">\n\t\t\t\t<div class=\"elementor-widget-container\">\n\t\t\t\t\t\t\t\t\t<p>Nuestros servicios cubren cualesquiera de las siguientes \u00e1reas, en funci\u00f3n de la necesidad y el tipo de discapacidad: Cuidado en Casa:<\/p><ul><li>Involucrarse con la comunidad local.<\/li><li>Higiene personal (ba\u00f1o, cuidado del cabello y otras tareas de aseo).<\/li><li>Mantener el espacio donde vive limpio y organizado, mediante tareas dom\u00e9sticas ligeras.<\/li><li>Alimentaci\u00f3n: preparaci\u00f3n de comidas y ayuda con la alimentaci\u00f3n si es necesario.<\/li><li>Ir de compras.<\/li><li>Transporte al trabajo u otras citas.<\/li><li>Manejo de medicamentos y del equipo m\u00e9dico.<\/li><li>Programaci\u00f3n y asistencia a citas m\u00e9dicas.<\/li><\/ul>\t\t\t\t\t\t\t\t<\/div>\n\t\t\t\t<\/div>\n\t\t\t\t\t<\/div>\n\t\t<\/div>\n\t\t\t\t<div class=\"elementor-column elementor-col-50 elementor-top-column elementor-element elementor-element-2ae0c2a\" data-id=\"2ae0c2a\" data-element_type=\"column\" data-e-type=\"column\">\n\t\t\t<div class=\"elementor-widget-wrap elementor-element-populated\">\n\t\t\t\t\t\t<div class=\"elementor-element elementor-element-4296d6e elementor-widget elementor-widget-image\" data-id=\"4296d6e\" data-element_type=\"widget\" data-e-type=\"widget\" data-widget_type=\"image.default\">\n\t\t\t\t<div class=\"elementor-widget-container\">\n\t\t\t\t\t\t\t\t\t\t\t\t\t\t\t<img fetchpriority=\"high\" decoding=\"async\" width=\"424\" height=\"700\" src=\"https:\/\/thrive-services.org\/es\/wp-content\/uploads\/sites\/3\/2023\/04\/thrive-home-service-1.png\" class=\"attachment-large size-large wp-image-1730\" alt=\"\" srcset=\"https:\/\/thrive-services.org\/es\/wp-content\/uploads\/sites\/3\/2023\/04\/thrive-home-service-1.png 424w, https:\/\/thrive-services.org\/es\/wp-content\/uploads\/sites\/3\/2023\/04\/thrive-home-service-1-182x300.png 182w\" sizes=\"(max-width: 424px) 100vw, 424px\" \/>\t\t\t\t\t\t\t\t\t\t\t\t\t\t\t<\/div>\n\t\t\t\t<\/div>\n\t\t\t\t\t<\/div>\n\t\t<\/div>\n\t\t\t\t\t<\/div>\n\t\t<\/section>\n\t\t\t\t<section class=\"elementor-section elementor-top-section elementor-element elementor-element-8015617 elementor-section-content-middle elementor-section-boxed elementor-section-height-default elementor-section-height-default\" data-id=\"8015617\" data-element_type=\"section\" data-e-type=\"section\" data-settings=\"{&quot;background_background&quot;:&quot;classic&quot;}\">\n\t\t\t\t\t\t<div class=\"elementor-container elementor-column-gap-default\">\n\t\t\t\t\t<div class=\"elementor-column elementor-col-50 elementor-top-column elementor-element elementor-element-e824509\" data-id=\"e824509\" data-element_type=\"column\" data-e-type=\"column\">\n\t\t\t<div class=\"elementor-widget-wrap elementor-element-populated\">\n\t\t\t\t\t\t<div class=\"elementor-element elementor-element-8fff919 elementor-widget elementor-widget-heading\" data-id=\"8fff919\" data-element_type=\"widget\" data-e-type=\"widget\" data-widget_type=\"heading.default\">\n\t\t\t\t<div class=\"elementor-widget-container\">\n\t\t\t\t\t<h2 class=\"elementor-heading-title elementor-size-default\">\u00a1Ponte en contacto con Thrive!<\/h2>\t\t\t\t<\/div>\n\t\t\t\t<\/div>\n\t\t\t\t<div class=\"elementor-element elementor-element-1998b4f elementor-widget elementor-widget-text-editor\" data-id=\"1998b4f\" data-element_type=\"widget\" data-e-type=\"widget\" data-widget_type=\"text-editor.default\">\n\t\t\t\t<div class=\"elementor-widget-container\">\n\t\t\t\t\t\t\t\t\t<p>Nuestros servicios cubren cualquier combinaci\u00f3n de las \u00e1reas antes mencionadas, seg\u00fan la necesidad y el tipo de discapacidad.<\/p>\t\t\t\t\t\t\t\t<\/div>\n\t\t\t\t<\/div>\n\t\t\t\t\t<\/div>\n\t\t<\/div>\n\t\t\t\t<div class=\"elementor-column elementor-col-50 elementor-top-column elementor-element elementor-element-3dab269\" data-id=\"3dab269\" data-element_type=\"column\" data-e-type=\"column\">\n\t\t\t<div class=\"elementor-widget-wrap elementor-element-populated\">\n\t\t\t\t\t\t<div class=\"elementor-element elementor-element-b2e53ea elementor-align-justify elementor-widget elementor-widget-button\" data-id=\"b2e53ea\" data-element_type=\"widget\" data-e-type=\"widget\" data-widget_type=\"button.default\">\n\t\t\t\t<div class=\"elementor-widget-container\">\n\t\t\t\t\t\t\t\t\t<div class=\"elementor-button-wrapper\">\n\t\t\t\t\t<a class=\"elementor-button elementor-button-link elementor-size-sm\" href=\"https:\/\/thrive-services.org\/es\/formulario-de-clientes\/\">\n\t\t\t\t\t\t<span class=\"elementor-button-content-wrapper\">\n\t\t\t\t\t\t\t\t\t<span class=\"elementor-button-text\">\u00bfBuscas ayuda?<\/span>\n\t\t\t\t\t<\/span>\n\t\t\t\t\t<\/a>\n\t\t\t\t<\/div>\n\t\t\t\t\t\t\t\t<\/div>\n\t\t\t\t<\/div>\n\t\t\t\t\t<\/div>\n\t\t<\/div>\n\t\t\t\t\t<\/div>\n\t\t<\/section>\n\t\t\t\t<section class=\"elementor-section elementor-top-section elementor-element elementor-element-9355287 elementor-section-boxed elementor-section-height-default elementor-section-height-default\" data-id=\"9355287\" data-element_type=\"section\" data-e-type=\"section\">\n\t\t\t\t\t\t<div class=\"elementor-container elementor-column-gap-default\">\n\t\t\t\t\t<div class=\"elementor-column elementor-col-100 elementor-top-column elementor-element elementor-element-ec01908\" data-id=\"ec01908\" data-element_type=\"column\" data-e-type=\"column\">\n\t\t\t<div class=\"elementor-widget-wrap elementor-element-populated\">\n\t\t\t\t\t\t<div class=\"elementor-element elementor-element-7c4a2b6 elementor-widget elementor-widget-text-editor\" data-id=\"7c4a2b6\" data-element_type=\"widget\" data-e-type=\"widget\" data-widget_type=\"text-editor.default\">\n\t\t\t\t<div class=\"elementor-widget-container\">\n\t\t\t\t\t\t\t\t\t<p><span style=\"font-size: 16px;\">Los servicios ofrecidos en Thrive son altamente personalizados, asegurando que podemos asistirle de muchas maneras que quiz\u00e1s no est\u00e9n mencionadas expl\u00edcitamente en nuestro sitio web. En nuestra reuni\u00f3n inicial con un nuevo cliente, participamos en discusiones detalladas sobre metas personales, fortalezas individuales, riesgos potenciales y \u00e1reas que necesitan apoyo adicional. Tambi\u00e9n revisamos cualquier Plan de Servicio Individualizado (ISP) existente para garantizar la adhesi\u00f3n a los planes y protocolos establecidos. Teniendo en cuenta todos estos factores, desarrollamos un plan de cuidado integral que nuestros cuidadores expertos en el hogar pueden implementar con confianza y fiabilidad. Si tiene preguntas espec\u00edficas o necesidades, por favor no dude en contactarnos. Puede comunicarse con Thrive al <\/span><b style=\"font-style: inherit;\"><a href=\"tel:\/\/5417090640\">(541) 709-0640<\/a><\/b><span style=\"font-size: 16px;\"> o cont\u00e1ctenos<\/span><b style=\"font-style: inherit;\"> <a href=\"https:\/\/thrive-services.org\/es\/formulario-de-clientes\/\">aqu\u00ed<\/a><\/b><span style=\"font-size: 16px;\">. \u00a1Estamos aqu\u00ed para apoyarle!<\/span><\/p>\t\t\t\t\t\t\t\t<\/div>\n\t\t\t\t<\/div>\n\t\t\t\t\t<\/div>\n\t\t<\/div>\n\t\t\t\t\t<\/div>\n\t\t<\/section>\n\t\t\t\t<\/div>\n\t\t","protected":false},"excerpt":{"rendered":"<p>Cuidado en Casa La especialidad de Thrive es el cuidado en casa; esto implica que un cuidador de discapacitados se traslade al domicilio del cliente y utilice eso como una especie de &#8220;sede de operaciones&#8221;; para las dem\u00e1s actividades que pueda necesitar. Por ejemplo, el cuidado en casa puede incluir ayuda con las actividades de [&hellip;]<\/p>\n","protected":false},"author":3,"featured_media":0,"parent":0,"menu_order":0,"comment_status":"closed","ping_status":"closed","template":"","meta":{"site-sidebar-layout":"no-sidebar","site-content-layout":"page-builder","ast-site-content-layout":"default","site-content-style":"default","site-sidebar-style":"default","ast-global-header-display":"","ast-banner-title-visibility":"","ast-main-header-display":"","ast-hfb-above-header-display":"","ast-hfb-below-header-display":"","ast-hfb-mobile-header-display":"","site-post-title":"disabled","ast-breadcrumbs-content":"","ast-featured-img":"disabled","footer-sml-layout":"","ast-disable-related-posts":"","theme-transparent-header-meta":"default","adv-header-id-meta":"","stick-header-meta":"","header-above-stick-meta":"","header-main-stick-meta":"","header-below-stick-meta":"","astra-migrate-meta-layouts":"default","ast-page-background-enabled":"default","ast-page-background-meta":{"desktop":{"background-color":"var(--ast-global-color-4)","background-image":"","background-repeat":"repeat","background-position":"center center","background-size":"auto","background-attachment":"scroll","background-type":"","background-media":"","overlay-type":"","overlay-color":"","overlay-opacity":"","overlay-gradient":""},"tablet":{"background-color":"","background-image":"","background-repeat":"repeat","background-position":"center center","background-size":"auto","background-attachment":"scroll","background-type":"","background-media":"","overlay-type":"","overlay-color":"","overlay-opacity":"","overlay-gradient":""},"mobile":{"background-color":"","background-image":"","background-repeat":"repeat","background-position":"center center","background-size":"auto","background-attachment":"scroll","background-type":"","background-media":"","overlay-type":"","overlay-color":"","overlay-opacity":"","overlay-gradient":""}},"ast-content-background-meta":{"desktop":{"background-color":"var(--ast-global-color-5)","background-image":"","background-repeat":"repeat","background-position":"center center","background-size":"auto","background-attachment":"scroll","background-type":"","background-media":"","overlay-type":"","overlay-color":"","overlay-opacity":"","overlay-gradient":""},"tablet":{"background-color":"var(--ast-global-color-5)","background-image":"","background-repeat":"repeat","background-position":"center center","background-size":"auto","background-attachment":"scroll","background-type":"","background-media":"","overlay-type":"","overlay-color":"","overlay-opacity":"","overlay-gradient":""},"mobile":{"background-color":"var(--ast-global-color-5)","background-image":"","background-repeat":"repeat","background-position":"center center","background-size":"auto","background-attachment":"scroll","background-type":"","background-media":"","overlay-type":"","overlay-color":"","overlay-opacity":"","overlay-gradient":""}},"_glsr_average":0,"_glsr_ranking":0,"_glsr_reviews":0,"footnotes":""},"class_list":["post-3073","page","type-page","status-publish","hentry"],"yoast_head":"<!-- This site is optimized with the Yoast SEO plugin v27.0 - https:\/\/yoast.com\/product\/yoast-seo-wordpress\/ -->\n<title>Cuidado en Casa - Thrive Services<\/title>\n<meta name=\"robots\" content=\"index, follow, max-snippet:-1, max-image-preview:large, max-video-preview:-1\" \/>\n<link rel=\"canonical\" href=\"https:\/\/thrive-services.org\/es\/cuidado-en-casa\/\" \/>\n<meta property=\"og:locale\" content=\"en_US\" \/>\n<meta property=\"og:type\" content=\"article\" \/>\n<meta property=\"og:title\" content=\"Cuidado en Casa - Thrive Services\" \/>\n<meta property=\"og:description\" content=\"Cuidado en Casa La especialidad de Thrive es el cuidado en casa; esto implica que un cuidador de discapacitados se traslade al domicilio del cliente y utilice eso como una especie de &#8220;sede de operaciones&#8221;; para las dem\u00e1s actividades que pueda necesitar. Por ejemplo, el cuidado en casa puede incluir ayuda con las actividades de [&hellip;]\" \/>\n<meta property=\"og:url\" content=\"https:\/\/thrive-services.org\/es\/cuidado-en-casa\/\" \/>\n<meta property=\"og:site_name\" content=\"Thrive Services\" \/>\n<meta property=\"og:image\" content=\"https:\/\/thriveservices.wpenginepowered.com\/es\/wp-content\/uploads\/sites\/3\/2023\/04\/thrive-home-service-1.png\" \/>\n<meta name=\"twitter:card\" content=\"summary_large_image\" \/>\n<meta name=\"twitter:label1\" content=\"Est. reading time\" \/>\n\t<meta name=\"twitter:data1\" content=\"2 minutes\" \/>\n<script type=\"application\/ld+json\" class=\"yoast-schema-graph\">{\"@context\":\"https:\/\/schema.org\",\"@graph\":[{\"@type\":\"WebPage\",\"@id\":\"https:\/\/thrive-services.org\/es\/cuidado-en-casa\/\",\"url\":\"https:\/\/thrive-services.org\/es\/cuidado-en-casa\/\",\"name\":\"Cuidado en Casa - Thrive Services\",\"isPartOf\":{\"@id\":\"https:\/\/thrive-services.org\/es\/#website\"},\"primaryImageOfPage\":{\"@id\":\"https:\/\/thrive-services.org\/es\/cuidado-en-casa\/#primaryimage\"},\"image\":{\"@id\":\"https:\/\/thrive-services.org\/es\/cuidado-en-casa\/#primaryimage\"},\"thumbnailUrl\":\"https:\/\/thrive-services.org\/es\/wp-content\/uploads\/sites\/3\/2023\/04\/thrive-home-service-1.png\",\"datePublished\":\"2023-03-20T16:06:46+00:00\",\"breadcrumb\":{\"@id\":\"https:\/\/thrive-services.org\/es\/cuidado-en-casa\/#breadcrumb\"},\"inLanguage\":\"en-US\",\"potentialAction\":[{\"@type\":\"ReadAction\",\"target\":[\"https:\/\/thrive-services.org\/es\/cuidado-en-casa\/\"]}]},{\"@type\":\"ImageObject\",\"inLanguage\":\"en-US\",\"@id\":\"https:\/\/thrive-services.org\/es\/cuidado-en-casa\/#primaryimage\",\"url\":\"https:\/\/thrive-services.org\/es\/wp-content\/uploads\/sites\/3\/2023\/04\/thrive-home-service-1.png\",\"contentUrl\":\"https:\/\/thrive-services.org\/es\/wp-content\/uploads\/sites\/3\/2023\/04\/thrive-home-service-1.png\",\"width\":424,\"height\":700},{\"@type\":\"BreadcrumbList\",\"@id\":\"https:\/\/thrive-services.org\/es\/cuidado-en-casa\/#breadcrumb\",\"itemListElement\":[{\"@type\":\"ListItem\",\"position\":1,\"name\":\"Home\",\"item\":\"https:\/\/thrive-services.org\/es\/\"},{\"@type\":\"ListItem\",\"position\":2,\"name\":\"Cuidado en Casa\"}]},{\"@type\":\"WebSite\",\"@id\":\"https:\/\/thrive-services.org\/es\/#website\",\"url\":\"https:\/\/thrive-services.org\/es\/\",\"name\":\"Thrive Services\",\"description\":\"Thrive Services is an organization of experienced Direct Support Professionals (DSPs) who provide a broad range of services for adults and children with intellectual and developmental disabilities.\",\"publisher\":{\"@id\":\"https:\/\/thrive-services.org\/es\/#organization\"},\"potentialAction\":[{\"@type\":\"SearchAction\",\"target\":{\"@type\":\"EntryPoint\",\"urlTemplate\":\"https:\/\/thrive-services.org\/es\/?s={search_term_string}\"},\"query-input\":{\"@type\":\"PropertyValueSpecification\",\"valueRequired\":true,\"valueName\":\"search_term_string\"}}],\"inLanguage\":\"en-US\"},{\"@type\":\"Organization\",\"@id\":\"https:\/\/thrive-services.org\/es\/#organization\",\"name\":\"Thrive Services\",\"url\":\"https:\/\/thrive-services.org\/es\/\",\"logo\":{\"@type\":\"ImageObject\",\"inLanguage\":\"en-US\",\"@id\":\"https:\/\/thrive-services.org\/es\/#\/schema\/logo\/image\/\",\"url\":\"https:\/\/thrive-services.org\/es\/wp-content\/uploads\/sites\/3\/2023\/04\/Thrive-favicon.png\",\"contentUrl\":\"https:\/\/thrive-services.org\/es\/wp-content\/uploads\/sites\/3\/2023\/04\/Thrive-favicon.png\",\"width\":100,\"height\":100,\"caption\":\"Thrive Services\"},\"image\":{\"@id\":\"https:\/\/thrive-services.org\/es\/#\/schema\/logo\/image\/\"}}]}<\/script>\n<!-- \/ Yoast SEO plugin. -->","yoast_head_json":{"title":"Cuidado en Casa - Thrive Services","robots":{"index":"index","follow":"follow","max-snippet":"max-snippet:-1","max-image-preview":"max-image-preview:large","max-video-preview":"max-video-preview:-1"},"canonical":"https:\/\/thrive-services.org\/es\/cuidado-en-casa\/","og_locale":"en_US","og_type":"article","og_title":"Cuidado en Casa - Thrive Services","og_description":"Cuidado en Casa La especialidad de Thrive es el cuidado en casa; esto implica que un cuidador de discapacitados se traslade al domicilio del cliente y utilice eso como una especie de &#8220;sede de operaciones&#8221;; para las dem\u00e1s actividades que pueda necesitar. Por ejemplo, el cuidado en casa puede incluir ayuda con las actividades de [&hellip;]","og_url":"https:\/\/thrive-services.org\/es\/cuidado-en-casa\/","og_site_name":"Thrive Services","og_image":[{"url":"https:\/\/thriveservices.wpenginepowered.com\/es\/wp-content\/uploads\/sites\/3\/2023\/04\/thrive-home-service-1.png","type":"","width":"","height":""}],"twitter_card":"summary_large_image","twitter_misc":{"Est. reading time":"2 minutes"},"schema":{"@context":"https:\/\/schema.org","@graph":[{"@type":"WebPage","@id":"https:\/\/thrive-services.org\/es\/cuidado-en-casa\/","url":"https:\/\/thrive-services.org\/es\/cuidado-en-casa\/","name":"Cuidado en Casa - Thrive Services","isPartOf":{"@id":"https:\/\/thrive-services.org\/es\/#website"},"primaryImageOfPage":{"@id":"https:\/\/thrive-services.org\/es\/cuidado-en-casa\/#primaryimage"},"image":{"@id":"https:\/\/thrive-services.org\/es\/cuidado-en-casa\/#primaryimage"},"thumbnailUrl":"https:\/\/thrive-services.org\/es\/wp-content\/uploads\/sites\/3\/2023\/04\/thrive-home-service-1.png","datePublished":"2023-03-20T16:06:46+00:00","breadcrumb":{"@id":"https:\/\/thrive-services.org\/es\/cuidado-en-casa\/#breadcrumb"},"inLanguage":"en-US","potentialAction":[{"@type":"ReadAction","target":["https:\/\/thrive-services.org\/es\/cuidado-en-casa\/"]}]},{"@type":"ImageObject","inLanguage":"en-US","@id":"https:\/\/thrive-services.org\/es\/cuidado-en-casa\/#primaryimage","url":"https:\/\/thrive-services.org\/es\/wp-content\/uploads\/sites\/3\/2023\/04\/thrive-home-service-1.png","contentUrl":"https:\/\/thrive-services.org\/es\/wp-content\/uploads\/sites\/3\/2023\/04\/thrive-home-service-1.png","width":424,"height":700},{"@type":"BreadcrumbList","@id":"https:\/\/thrive-services.org\/es\/cuidado-en-casa\/#breadcrumb","itemListElement":[{"@type":"ListItem","position":1,"name":"Home","item":"https:\/\/thrive-services.org\/es\/"},{"@type":"ListItem","position":2,"name":"Cuidado en Casa"}]},{"@type":"WebSite","@id":"https:\/\/thrive-services.org\/es\/#website","url":"https:\/\/thrive-services.org\/es\/","name":"Thrive Services","description":"Thrive Services is an organization of experienced Direct Support Professionals (DSPs) who provide a broad range of services for adults and children with intellectual and developmental disabilities.","publisher":{"@id":"https:\/\/thrive-services.org\/es\/#organization"},"potentialAction":[{"@type":"SearchAction","target":{"@type":"EntryPoint","urlTemplate":"https:\/\/thrive-services.org\/es\/?s={search_term_string}"},"query-input":{"@type":"PropertyValueSpecification","valueRequired":true,"valueName":"search_term_string"}}],"inLanguage":"en-US"},{"@type":"Organization","@id":"https:\/\/thrive-services.org\/es\/#organization","name":"Thrive Services","url":"https:\/\/thrive-services.org\/es\/","logo":{"@type":"ImageObject","inLanguage":"en-US","@id":"https:\/\/thrive-services.org\/es\/#\/schema\/logo\/image\/","url":"https:\/\/thrive-services.org\/es\/wp-content\/uploads\/sites\/3\/2023\/04\/Thrive-favicon.png","contentUrl":"https:\/\/thrive-services.org\/es\/wp-content\/uploads\/sites\/3\/2023\/04\/Thrive-favicon.png","width":100,"height":100,"caption":"Thrive Services"},"image":{"@id":"https:\/\/thrive-services.org\/es\/#\/schema\/logo\/image\/"}}]}},"_links":{"self":[{"href":"https:\/\/thrive-services.org\/es\/wp-json\/wp\/v2\/pages\/3073","targetHints":{"allow":["GET"]}}],"collection":[{"href":"https:\/\/thrive-services.org\/es\/wp-json\/wp\/v2\/pages"}],"about":[{"href":"https:\/\/thrive-services.org\/es\/wp-json\/wp\/v2\/types\/page"}],"author":[{"embeddable":true,"href":"https:\/\/thrive-services.org\/es\/wp-json\/wp\/v2\/users\/3"}],"replies":[{"embeddable":true,"href":"https:\/\/thrive-services.org\/es\/wp-json\/wp\/v2\/comments?post=3073"}],"version-history":[{"count":0,"href":"https:\/\/thrive-services.org\/es\/wp-json\/wp\/v2\/pages\/3073\/revisions"}],"wp:attachment":[{"href":"https:\/\/thrive-services.org\/es\/wp-json\/wp\/v2\/media?parent=3073"}],"curies":[{"name":"wp","href":"https:\/\/api.w.org\/{rel}","templated":true}]}}