{"id":3071,"date":"2023-03-06T18:29:49","date_gmt":"2023-03-06T18:29:49","guid":{"rendered":"https:\/\/drivingclick.com\/es\/?page_id=23"},"modified":"2023-03-06T18:29:49","modified_gmt":"2023-03-06T18:29:49","slug":"formulario-de-clientes","status":"publish","type":"page","link":"https:\/\/thrive-services.org\/es\/formulario-de-clientes\/","title":{"rendered":"\u00bfBuscas ayuda?"},"content":{"rendered":"\t\t<div data-elementor-type=\"wp-page\" data-elementor-id=\"3071\" class=\"elementor elementor-3071\" data-elementor-post-type=\"page\">\n\t\t\t\t\t\t<section class=\"elementor-section elementor-top-section elementor-element elementor-element-1a0c57b2 elementor-section-boxed elementor-section-height-default elementor-section-height-default\" data-id=\"1a0c57b2\" data-element_type=\"section\" data-e-type=\"section\" data-settings=\"{&quot;background_background&quot;:&quot;classic&quot;}\">\n\t\t\t\t\t\t\t<div class=\"elementor-background-overlay\"><\/div>\n\t\t\t\t\t\t\t<div class=\"elementor-container elementor-column-gap-default\">\n\t\t\t\t\t<div class=\"elementor-column elementor-col-100 elementor-top-column elementor-element elementor-element-1b216f17\" data-id=\"1b216f17\" data-element_type=\"column\" data-e-type=\"column\" data-settings=\"{&quot;background_background&quot;:&quot;classic&quot;}\">\n\t\t\t<div class=\"elementor-widget-wrap elementor-element-populated\">\n\t\t\t\t\t\t<div class=\"elementor-element elementor-element-51163d13 elementor-widget elementor-widget-heading\" data-id=\"51163d13\" data-element_type=\"widget\" data-e-type=\"widget\" data-widget_type=\"heading.default\">\n\t\t\t\t<div class=\"elementor-widget-container\">\n\t\t\t\t\t<h2 class=\"elementor-heading-title elementor-size-default\">\u00bfC\u00f3mo podemos ayudar?<\/h2>\t\t\t\t<\/div>\n\t\t\t\t<\/div>\n\t\t\t\t<div class=\"elementor-element elementor-element-aeaec14 elementor-align-center elementor-widget elementor-widget-breadcrumbs\" data-id=\"aeaec14\" data-element_type=\"widget\" data-e-type=\"widget\" data-widget_type=\"breadcrumbs.default\">\n\t\t\t\t<div class=\"elementor-widget-container\">\n\t\t\t\t\t<p id=\"breadcrumbs\"><span><span><a href=\"https:\/\/thrive-services.org\/es\/\">Home<\/a><\/span><\/span><\/p>\t\t\t\t<\/div>\n\t\t\t\t<\/div>\n\t\t\t\t<div class=\"elementor-element elementor-element-e1a3b9a elementor-widget elementor-widget-text-editor\" data-id=\"e1a3b9a\" data-element_type=\"widget\" data-e-type=\"widget\" data-widget_type=\"text-editor.default\">\n\t\t\t\t<div class=\"elementor-widget-container\">\n\t\t\t\t\t\t\t\t\t<p>Bienvenido a Thrive Services; estamos encantados de ayudarlo y comenzar a apoyarlo a usted y a sus seres queridos con sus necesidades de atenci\u00f3n domiciliaria. Somos una agencia certificada por el estado, aprobada por Medicaid y regulada por HIPPA; todos sus datos est\u00e1n protegidos y son confidenciales. Complete el formulario a continuaci\u00f3n y un miembro del personal se comunicar\u00e1 con usted para brindarle informaci\u00f3n, orientaci\u00f3n y respuestas a sus preguntas; Estamos aqu\u00ed para ayudarte.<\/p>\t\t\t\t\t\t\t\t<\/div>\n\t\t\t\t<\/div>\n\t\t\t\t<div class=\"elementor-element elementor-element-6c977b6f elementor-button-align-stretch elementor-widget elementor-widget-form\" data-id=\"6c977b6f\" data-element_type=\"widget\" data-e-type=\"widget\" data-settings=\"{&quot;step_next_label&quot;:&quot;Next&quot;,&quot;step_previous_label&quot;:&quot;Previous&quot;,&quot;button_width&quot;:&quot;100&quot;,&quot;step_type&quot;:&quot;number_text&quot;,&quot;step_icon_shape&quot;:&quot;circle&quot;}\" data-widget_type=\"form.default\">\n\t\t\t\t<div class=\"elementor-widget-container\">\n\t\t\t\t\t\t\t<form class=\"elementor-form\" method=\"post\" name=\"Customer Form\" aria-label=\"Customer Form\">\n\t\t\t<input type=\"hidden\" name=\"post_id\" value=\"3071\"\/>\n\t\t\t<input type=\"hidden\" name=\"form_id\" value=\"6c977b6f\"\/>\n\t\t\t<input type=\"hidden\" name=\"referer_title\" value=\"\u00bfBuscas ayuda? - Thrive Services\" \/>\n\n\t\t\t\t\t\t\t<input type=\"hidden\" name=\"queried_id\" value=\"3071\"\/>\n\t\t\t\n\t\t\t<div class=\"elementor-form-fields-wrapper elementor-labels-\">\n\t\t\t\t\t\t\t\t<div class=\"elementor-field-type-text elementor-field-group elementor-column elementor-field-group-name elementor-col-100 elementor-field-required\">\n\t\t\t\t\t\t\t\t\t\t\t\t<label for=\"form-field-name\" class=\"elementor-field-label elementor-screen-only\">\n\t\t\t\t\t\t\t\tNombre\t\t\t\t\t\t\t<\/label>\n\t\t\t\t\t\t\t\t\t\t\t\t\t\t<input size=\"1\" type=\"text\" name=\"form_fields[name]\" id=\"form-field-name\" class=\"elementor-field elementor-size-sm  elementor-field-textual\" placeholder=\"Nombre completo\" required=\"required\">\n\t\t\t\t\t\t\t\t\t\t\t<\/div>\n\t\t\t\t\t\t\t\t<div class=\"elementor-field-type-email elementor-field-group elementor-column elementor-field-group-email elementor-col-50 elementor-field-required\">\n\t\t\t\t\t\t\t\t\t\t\t\t<label for=\"form-field-email\" class=\"elementor-field-label elementor-screen-only\">\n\t\t\t\t\t\t\t\tEmail\t\t\t\t\t\t\t<\/label>\n\t\t\t\t\t\t\t\t\t\t\t\t\t\t<input size=\"1\" type=\"email\" name=\"form_fields[email]\" id=\"form-field-email\" class=\"elementor-field elementor-size-sm  elementor-field-textual\" placeholder=\"Correo electr\u00f3nico\" required=\"required\">\n\t\t\t\t\t\t\t\t\t\t\t<\/div>\n\t\t\t\t\t\t\t\t<div class=\"elementor-field-type-tel elementor-field-group elementor-column elementor-field-group-field_c2c9ecd elementor-col-50 elementor-field-required\">\n\t\t\t\t\t\t\t\t\t\t\t\t<label for=\"form-field-field_c2c9ecd\" class=\"elementor-field-label elementor-screen-only\">\n\t\t\t\t\t\t\t\tTel\u00e9fono\t\t\t\t\t\t\t<\/label>\n\t\t\t\t\t\t\t\t<input size=\"1\" type=\"tel\" name=\"form_fields[field_c2c9ecd]\" id=\"form-field-field_c2c9ecd\" class=\"elementor-field elementor-size-sm  elementor-field-textual\" placeholder=\"Tel\u00e9fono\" required=\"required\" pattern=\"[0-9()#&amp;+*-=.]+\" title=\"Only numbers and phone characters (#, -, *, etc) are accepted.\">\n\n\t\t\t\t\t\t<\/div>\n\t\t\t\t\t\t\t\t<div class=\"elementor-field-type-textarea elementor-field-group elementor-column elementor-field-group-field_6269e45 elementor-col-100\">\n\t\t\t\t\t\t\t\t\t\t\t\t<label for=\"form-field-field_6269e45\" class=\"elementor-field-label elementor-screen-only\">\n\t\t\t\t\t\t\t\tComentario\t\t\t\t\t\t\t<\/label>\n\t\t\t\t\t\t<textarea class=\"elementor-field-textual elementor-field  elementor-size-sm\" name=\"form_fields[field_6269e45]\" id=\"form-field-field_6269e45\" rows=\"4\" placeholder=\"Cu\u00e9ntanos, \u00bfc\u00f3mo podemos ayudar?\"><\/textarea>\t\t\t\t<\/div>\n\t\t\t\t\t\t\t\t<div class=\"elementor-field-type-recaptcha_v3 elementor-field-group elementor-column elementor-field-group-field_5cf8d59 elementor-col-100 recaptcha_v3-bottomleft\">\n\t\t\t\t\t<div class=\"elementor-field\" id=\"form-field-field_5cf8d59\"><div class=\"elementor-g-recaptcha\" data-sitekey=\"6LdKmTgmAAAAAMRdMOprZjgiHAV1kaNnTX0sYGQS\" data-type=\"v3\" data-action=\"Form\" data-badge=\"bottomleft\" data-size=\"invisible\"><\/div><\/div>\t\t\t\t<\/div>\n\t\t\t\t\t\t\t\t<div class=\"elementor-field-type-acceptance elementor-field-group elementor-column elementor-field-group-field_ec43218 elementor-col-100 elementor-field-required\">\n\t\t\t\t\t\t\t\t\t\t\t\t<label for=\"form-field-field_ec43218\" class=\"elementor-field-label elementor-screen-only\">\n\t\t\t\t\t\t\t\tCheck-box\t\t\t\t\t\t\t<\/label>\n\t\t\t\t\t\t\t\t<div class=\"elementor-field-subgroup\">\n\t\t\t<span class=\"elementor-field-option\">\n\t\t\t\t<input type=\"checkbox\" name=\"form_fields[field_ec43218]\" id=\"form-field-field_ec43218\" class=\"elementor-field elementor-size-sm  elementor-acceptance-field\" required=\"required\">\n\t\t\t\t<label for=\"form-field-field_ec43218\">Al marcar esta casilla, aceptas recibir mensajes de texto de los Servicios Thrive.<\/label>\t\t\t<\/span>\n\t\t<\/div>\n\t\t\t\t\t\t<\/div>\n\t\t\t\t\t\t\t\t<div class=\"elementor-field-group elementor-column elementor-field-type-submit elementor-col-100 e-form__buttons\">\n\t\t\t\t\t<button class=\"elementor-button elementor-size-sm\" type=\"submit\">\n\t\t\t\t\t\t<span class=\"elementor-button-content-wrapper\">\n\t\t\t\t\t\t\t\t\t\t\t\t\t\t\t<span class=\"elementor-button-icon\">\n\t\t\t\t\t\t\t\t\t<i aria-hidden=\"true\" class=\"fas fa-paper-plane\"><\/i>\t\t\t\t\t\t\t\t\t\t\t\t\t\t\t\t\t<\/span>\n\t\t\t\t\t\t\t\t\t\t\t\t\t\t\t\t\t\t\t\t\t\t<span class=\"elementor-button-text\">Enviar<\/span>\n\t\t\t\t\t\t\t\t\t\t\t\t\t<\/span>\n\t\t\t\t\t<\/button>\n\t\t\t\t<\/div>\n\t\t\t<\/div>\n\t\t<\/form>\n\t\t\t\t\t\t<\/div>\n\t\t\t\t<\/div>\n\t\t\t\t\t<\/div>\n\t\t<\/div>\n\t\t\t\t\t<\/div>\n\t\t<\/section>\n\t\t\t\t<\/div>\n\t\t","protected":false},"excerpt":{"rendered":"<p>\u00bfC\u00f3mo podemos ayudar? Bienvenido a Thrive Services; estamos encantados de ayudarlo y comenzar a apoyarlo a usted y a sus seres queridos con sus necesidades de atenci\u00f3n domiciliaria. Somos una agencia certificada por el estado, aprobada por Medicaid y regulada por HIPPA; todos sus datos est\u00e1n protegidos y son confidenciales. Complete el formulario a continuaci\u00f3n [&hellip;]<\/p>\n","protected":false},"author":3,"featured_media":0,"parent":0,"menu_order":0,"comment_status":"closed","ping_status":"closed","template":"","meta":{"site-sidebar-layout":"no-sidebar","site-content-layout":"page-builder","ast-site-content-layout":"default","site-content-style":"default","site-sidebar-style":"default","ast-global-header-display":"","ast-banner-title-visibility":"","ast-main-header-display":"","ast-hfb-above-header-display":"","ast-hfb-below-header-display":"","ast-hfb-mobile-header-display":"","site-post-title":"disabled","ast-breadcrumbs-content":"","ast-featured-img":"disabled","footer-sml-layout":"","ast-disable-related-posts":"","theme-transparent-header-meta":"default","adv-header-id-meta":"","stick-header-meta":"","header-above-stick-meta":"","header-main-stick-meta":"","header-below-stick-meta":"","astra-migrate-meta-layouts":"default","ast-page-background-enabled":"default","ast-page-background-meta":{"desktop":{"background-color":"var(--ast-global-color-4)","background-image":"","background-repeat":"repeat","background-position":"center center","background-size":"auto","background-attachment":"scroll","background-type":"","background-media":"","overlay-type":"","overlay-color":"","overlay-opacity":"","overlay-gradient":""},"tablet":{"background-color":"","background-image":"","background-repeat":"repeat","background-position":"center center","background-size":"auto","background-attachment":"scroll","background-type":"","background-media":"","overlay-type":"","overlay-color":"","overlay-opacity":"","overlay-gradient":""},"mobile":{"background-color":"","background-image":"","background-repeat":"repeat","background-position":"center center","background-size":"auto","background-attachment":"scroll","background-type":"","background-media":"","overlay-type":"","overlay-color":"","overlay-opacity":"","overlay-gradient":""}},"ast-content-background-meta":{"desktop":{"background-color":"var(--ast-global-color-5)","background-image":"","background-repeat":"repeat","background-position":"center center","background-size":"auto","background-attachment":"scroll","background-type":"","background-media":"","overlay-type":"","overlay-color":"","overlay-opacity":"","overlay-gradient":""},"tablet":{"background-color":"var(--ast-global-color-5)","background-image":"","background-repeat":"repeat","background-position":"center center","background-size":"auto","background-attachment":"scroll","background-type":"","background-media":"","overlay-type":"","overlay-color":"","overlay-opacity":"","overlay-gradient":""},"mobile":{"background-color":"var(--ast-global-color-5)","background-image":"","background-repeat":"repeat","background-position":"center center","background-size":"auto","background-attachment":"scroll","background-type":"","background-media":"","overlay-type":"","overlay-color":"","overlay-opacity":"","overlay-gradient":""}},"_glsr_average":0,"_glsr_ranking":0,"_glsr_reviews":0,"footnotes":""},"class_list":["post-3071","page","type-page","status-publish","hentry"],"yoast_head":"<!-- This site is optimized with the Yoast SEO plugin v27.0 - https:\/\/yoast.com\/product\/yoast-seo-wordpress\/ -->\n<title>\u00bfBuscas ayuda? - Thrive Services<\/title>\n<meta name=\"robots\" content=\"index, follow, max-snippet:-1, max-image-preview:large, max-video-preview:-1\" \/>\n<link rel=\"canonical\" href=\"https:\/\/thrive-services.org\/es\/formulario-de-clientes\/\" \/>\n<meta property=\"og:locale\" content=\"en_US\" \/>\n<meta property=\"og:type\" content=\"article\" \/>\n<meta property=\"og:title\" content=\"\u00bfBuscas ayuda? - Thrive Services\" \/>\n<meta property=\"og:description\" content=\"\u00bfC\u00f3mo podemos ayudar? Bienvenido a Thrive Services; estamos encantados de ayudarlo y comenzar a apoyarlo a usted y a sus seres queridos con sus necesidades de atenci\u00f3n domiciliaria. Somos una agencia certificada por el estado, aprobada por Medicaid y regulada por HIPPA; todos sus datos est\u00e1n protegidos y son confidenciales. Complete el formulario a continuaci\u00f3n [&hellip;]\" \/>\n<meta property=\"og:url\" content=\"https:\/\/thrive-services.org\/es\/formulario-de-clientes\/\" \/>\n<meta property=\"og:site_name\" content=\"Thrive Services\" \/>\n<meta name=\"twitter:card\" content=\"summary_large_image\" \/>\n<meta name=\"twitter:label1\" content=\"Est. reading time\" \/>\n\t<meta name=\"twitter:data1\" content=\"1 minute\" \/>\n<script type=\"application\/ld+json\" class=\"yoast-schema-graph\">{\"@context\":\"https:\/\/schema.org\",\"@graph\":[{\"@type\":\"WebPage\",\"@id\":\"https:\/\/thrive-services.org\/es\/formulario-de-clientes\/\",\"url\":\"https:\/\/thrive-services.org\/es\/formulario-de-clientes\/\",\"name\":\"\u00bfBuscas ayuda? - Thrive Services\",\"isPartOf\":{\"@id\":\"https:\/\/thrive-services.org\/es\/#website\"},\"datePublished\":\"2023-03-06T18:29:49+00:00\",\"breadcrumb\":{\"@id\":\"https:\/\/thrive-services.org\/es\/formulario-de-clientes\/#breadcrumb\"},\"inLanguage\":\"en-US\",\"potentialAction\":[{\"@type\":\"ReadAction\",\"target\":[\"https:\/\/thrive-services.org\/es\/formulario-de-clientes\/\"]}]},{\"@type\":\"BreadcrumbList\",\"@id\":\"https:\/\/thrive-services.org\/es\/formulario-de-clientes\/#breadcrumb\",\"itemListElement\":[{\"@type\":\"ListItem\",\"position\":1,\"name\":\"Home\",\"item\":\"https:\/\/thrive-services.org\/es\/\"},{\"@type\":\"ListItem\",\"position\":2,\"name\":\"\u00bfBuscas ayuda?\"}]},{\"@type\":\"WebSite\",\"@id\":\"https:\/\/thrive-services.org\/es\/#website\",\"url\":\"https:\/\/thrive-services.org\/es\/\",\"name\":\"Thrive Services\",\"description\":\"Thrive Services is an organization of experienced Direct Support Professionals (DSPs) who provide a broad range of services for adults and children with intellectual and developmental disabilities.\",\"publisher\":{\"@id\":\"https:\/\/thrive-services.org\/es\/#organization\"},\"potentialAction\":[{\"@type\":\"SearchAction\",\"target\":{\"@type\":\"EntryPoint\",\"urlTemplate\":\"https:\/\/thrive-services.org\/es\/?s={search_term_string}\"},\"query-input\":{\"@type\":\"PropertyValueSpecification\",\"valueRequired\":true,\"valueName\":\"search_term_string\"}}],\"inLanguage\":\"en-US\"},{\"@type\":\"Organization\",\"@id\":\"https:\/\/thrive-services.org\/es\/#organization\",\"name\":\"Thrive Services\",\"url\":\"https:\/\/thrive-services.org\/es\/\",\"logo\":{\"@type\":\"ImageObject\",\"inLanguage\":\"en-US\",\"@id\":\"https:\/\/thrive-services.org\/es\/#\/schema\/logo\/image\/\",\"url\":\"https:\/\/thrive-services.org\/es\/wp-content\/uploads\/sites\/3\/2023\/04\/Thrive-favicon.png\",\"contentUrl\":\"https:\/\/thrive-services.org\/es\/wp-content\/uploads\/sites\/3\/2023\/04\/Thrive-favicon.png\",\"width\":100,\"height\":100,\"caption\":\"Thrive Services\"},\"image\":{\"@id\":\"https:\/\/thrive-services.org\/es\/#\/schema\/logo\/image\/\"}}]}<\/script>\n<!-- \/ Yoast SEO plugin. -->","yoast_head_json":{"title":"\u00bfBuscas ayuda? - Thrive Services","robots":{"index":"index","follow":"follow","max-snippet":"max-snippet:-1","max-image-preview":"max-image-preview:large","max-video-preview":"max-video-preview:-1"},"canonical":"https:\/\/thrive-services.org\/es\/formulario-de-clientes\/","og_locale":"en_US","og_type":"article","og_title":"\u00bfBuscas ayuda? - Thrive Services","og_description":"\u00bfC\u00f3mo podemos ayudar? Bienvenido a Thrive Services; estamos encantados de ayudarlo y comenzar a apoyarlo a usted y a sus seres queridos con sus necesidades de atenci\u00f3n domiciliaria. Somos una agencia certificada por el estado, aprobada por Medicaid y regulada por HIPPA; todos sus datos est\u00e1n protegidos y son confidenciales. Complete el formulario a continuaci\u00f3n [&hellip;]","og_url":"https:\/\/thrive-services.org\/es\/formulario-de-clientes\/","og_site_name":"Thrive Services","twitter_card":"summary_large_image","twitter_misc":{"Est. reading time":"1 minute"},"schema":{"@context":"https:\/\/schema.org","@graph":[{"@type":"WebPage","@id":"https:\/\/thrive-services.org\/es\/formulario-de-clientes\/","url":"https:\/\/thrive-services.org\/es\/formulario-de-clientes\/","name":"\u00bfBuscas ayuda? - Thrive Services","isPartOf":{"@id":"https:\/\/thrive-services.org\/es\/#website"},"datePublished":"2023-03-06T18:29:49+00:00","breadcrumb":{"@id":"https:\/\/thrive-services.org\/es\/formulario-de-clientes\/#breadcrumb"},"inLanguage":"en-US","potentialAction":[{"@type":"ReadAction","target":["https:\/\/thrive-services.org\/es\/formulario-de-clientes\/"]}]},{"@type":"BreadcrumbList","@id":"https:\/\/thrive-services.org\/es\/formulario-de-clientes\/#breadcrumb","itemListElement":[{"@type":"ListItem","position":1,"name":"Home","item":"https:\/\/thrive-services.org\/es\/"},{"@type":"ListItem","position":2,"name":"\u00bfBuscas ayuda?"}]},{"@type":"WebSite","@id":"https:\/\/thrive-services.org\/es\/#website","url":"https:\/\/thrive-services.org\/es\/","name":"Thrive Services","description":"Thrive Services is an organization of experienced Direct Support Professionals (DSPs) who provide a broad range of services for adults and children with intellectual and developmental disabilities.","publisher":{"@id":"https:\/\/thrive-services.org\/es\/#organization"},"potentialAction":[{"@type":"SearchAction","target":{"@type":"EntryPoint","urlTemplate":"https:\/\/thrive-services.org\/es\/?s={search_term_string}"},"query-input":{"@type":"PropertyValueSpecification","valueRequired":true,"valueName":"search_term_string"}}],"inLanguage":"en-US"},{"@type":"Organization","@id":"https:\/\/thrive-services.org\/es\/#organization","name":"Thrive Services","url":"https:\/\/thrive-services.org\/es\/","logo":{"@type":"ImageObject","inLanguage":"en-US","@id":"https:\/\/thrive-services.org\/es\/#\/schema\/logo\/image\/","url":"https:\/\/thrive-services.org\/es\/wp-content\/uploads\/sites\/3\/2023\/04\/Thrive-favicon.png","contentUrl":"https:\/\/thrive-services.org\/es\/wp-content\/uploads\/sites\/3\/2023\/04\/Thrive-favicon.png","width":100,"height":100,"caption":"Thrive Services"},"image":{"@id":"https:\/\/thrive-services.org\/es\/#\/schema\/logo\/image\/"}}]}},"_links":{"self":[{"href":"https:\/\/thrive-services.org\/es\/wp-json\/wp\/v2\/pages\/3071","targetHints":{"allow":["GET"]}}],"collection":[{"href":"https:\/\/thrive-services.org\/es\/wp-json\/wp\/v2\/pages"}],"about":[{"href":"https:\/\/thrive-services.org\/es\/wp-json\/wp\/v2\/types\/page"}],"author":[{"embeddable":true,"href":"https:\/\/thrive-services.org\/es\/wp-json\/wp\/v2\/users\/3"}],"replies":[{"embeddable":true,"href":"https:\/\/thrive-services.org\/es\/wp-json\/wp\/v2\/comments?post=3071"}],"version-history":[{"count":0,"href":"https:\/\/thrive-services.org\/es\/wp-json\/wp\/v2\/pages\/3071\/revisions"}],"wp:attachment":[{"href":"https:\/\/thrive-services.org\/es\/wp-json\/wp\/v2\/media?parent=3071"}],"curies":[{"name":"wp","href":"https:\/\/api.w.org\/{rel}","templated":true}]}}